{"id":9,"date":"2025-12-29T10:43:52","date_gmt":"2025-12-29T10:43:52","guid":{"rendered":"https:\/\/ecoles-privees-viuz.fr\/?page_id=9"},"modified":"2025-12-29T16:05:26","modified_gmt":"2025-12-29T16:05:26","slug":"about","status":"publish","type":"page","link":"https:\/\/ecoles-privees-viuz.fr\/index.php\/about\/","title":{"rendered":"Les \u00e9coles"},"content":{"rendered":"\n<h2 class=\"wp-block-heading\">L&#8217;\u00e9cole<\/h2>\n\n\n\n<p><strong>&nbsp;Notre \u00e9cole est un \u00e9tablissement priv\u00e9 catholique sous contrat d&#8217;association avec l&#8217;\u00e9tat.<\/strong><br><strong>Cela implique :<\/strong><\/p>\n\n\n\n<ul class=\"wp-block-list\">\n<li><strong>Un enseignement soumis au contr\u00f4le de l&#8217;\u00e9tat et conforme aux directives de l&#8217;\u00e9ducation nationale pour l&#8217;ensemble des disciplines.<\/strong><\/li>\n\n\n\n<li><strong>Des enseignants dipl\u00f4m\u00e9s d&#8217;\u00e9tat et r\u00e9mun\u00e9r\u00e9s par l&#8217;\u00e9ducation nationale.<\/strong><\/li>\n\n\n\n<li><strong>Une participation financi\u00e8re des mairies pour le&nbsp; fonctionnement de l&#8217;\u00e9cole.<\/strong><\/li>\n\n\n\n<li><strong>Une participation financi\u00e8re des parents pour financer une partie des&nbsp; frais de fonctionnement et les investissements de l&#8217;\u00e9cole.<\/strong><\/li>\n<\/ul>\n\n\n\n<p><strong>Un \u00e9veil religieux anim\u00e9 par les enseignants. C&#8217;est un temps de vie et de partage. Les grands moments de l&#8217;ann\u00e9e liturgique&nbsp; jalonnent ce parcours.<br>L&#8217;\u00e9tablissement, tout en gardant son caract\u00e8re propre, donne un enseignement dans le respect total de la libert\u00e9 de conscience de chacun. Le cat\u00e9chisme et les sacrements sont pr\u00e9par\u00e9s dans les paroisses<\/strong><\/p>\n\n\n\n<h2 class=\"wp-block-heading\">Historique<\/h2>\n\n\n\n<p><strong>C<\/strong>ette \u00e9cole a \u00e9t\u00e9 construite en 1921, par le pr\u00eatre de la paroisse aid\u00e9 de nombreux jeunes.<\/p>\n\n\n\n<p>Cette construction r\u00e9pondait \u00e0 un besoin d\u2019\u00e9cole libre de filles et de dispensaire.<\/p>\n\n\n\n<p>Le pr\u00eatre a demand\u00e9 des s\u0153urs de la croix pour occuper les fonctions d\u2019enseignante et d\u2019infirmi\u00e8re.<\/p>\n\n\n\n<p>L\u2019\u00e9cole a \u00e9t\u00e9 sous contrat simple avec l\u2019\u00e9tat \u00e0 partir du 14 mai 1962.<\/p>\n\n\n\n<p>Elle est devenue mixte en 1972, les \u00e9l\u00e8ves \u00e9tant alors r\u00e9partis entre l\u2019\u00e9cole Sainte Th\u00e9r\u00e8se qui accueillait les plus petits, et l\u2019\u00e9cole saint Joseph les plus grands (CE et CM).<\/p>\n\n\n\n<p>Cette ann\u00e9e l\u00e0 a vu l\u2019ouverture d\u2019une deuxi\u00e8me classe \u00e0 l\u2019\u00e9cole Saint Joseph.<\/p>\n\n\n\n<p>En 1987, les effectifs importants n\u00e9cessitent l\u2019ouverture d\u2019une troisi\u00e8me classe \u00e0 l\u2019\u00e9cole Sainte Th\u00e9r\u00e8se. Le comit\u00e9 de parents se mobilise pendant l\u2019\u00e9t\u00e9 pour transformer le hangar de rangement situ\u00e9 sur la droite du b\u00e2timent en salle de classe. S\u0153ur Denise, directrice, se bat pour cr\u00e9er un nouveau poste&nbsp;: une troisi\u00e8me enseignante est nomm\u00e9e au mois de d\u00e9cembre1987.<\/p>\n\n\n\n<p>En 1988, nous profitons de l\u2019inauguration de la nouvelle classe pour baptiser l\u2019\u00e9cole des marronniers&nbsp;: \u00c9COLE SAINTE TH\u00c9R\u00c8SE (le choix de Sainte Th\u00e9r\u00e8se comme patronne de l\u2019\u00e9cole a \u00e9t\u00e9 fait car Monsieur GRANGE, qui lui portait une grande d\u00e9votion, avait don d\u2019une statue de Sainte Th\u00e9r\u00e8se \u00e0 l\u2019\u00e9cole plusieurs ann\u00e9es auparavant).<\/p>\n\n\n\n<p>Les deux b\u00e2timents (\u00e9cole Sainte Th\u00e9r\u00e8se et \u00c9cole Saint Joseph ) \u00e9taient la propri\u00e9t\u00e9 du \u00ab&nbsp;Comit\u00e9 des \u00e9coles Libres de la paroisse de VIUZ-EN-SALLAZ&nbsp;\u00bb, la paroisse disposant d\u2019une grande salle de cin\u00e9ma et th\u00e9\u00e2tre, au dessous de l\u2019\u00e9cole Sainte Th\u00e9r\u00e8se. Cette salle a \u00e9t\u00e9 utilis\u00e9e pour remplacer l\u2019\u00e9glise pendant les travaux de r\u00e9novation.<\/p>\n\n\n\n<p>En 1988, le \u00ab&nbsp;comit\u00e9&nbsp;\u00bb s\u2019est s\u00e9par\u00e9 en deux&nbsp;:<\/p>\n\n\n\n<ul class=\"wp-block-list\">\n<li>l\u2019APEL&nbsp;: Association de parents d\u2019\u00e9l\u00e8ves de l\u2019enseignement libre \u2013 statuts 23-11-1989,<\/li>\n\n\n\n<li>l\u2019OGEC&nbsp;: Organisme de gestion de l\u2019enseignement Catholique- nouveaux statuts-6-10-1995.<\/li>\n<\/ul>\n\n\n\n<p>L\u2019OGEC est l\u2019actuel propri\u00e9taire de deux b\u00e2timents complets.<\/p>\n\n\n\n<p>En 1991, un comit\u00e9 paroissial (Association Saint Blaise) d\u00e9cide de transformer la salle de th\u00e9\u00e2tre en Salle polyvalente au service des jeunes .Elle sera utilis\u00e9e pour les rencontres de cat\u00e9ch\u00e8se , d\u2019aum\u00f4nerie, les activit\u00e9s de la MJC,\u2026 et r\u00e9serv\u00e9e pour l\u2019\u00e9cole pendant les heures de classe.<\/p>\n\n\n\n<p>D\u2019autre part, le d\u00e9part des s\u0153urs lib\u00e8re l\u2019appartement situ\u00e9 \u00e0 l\u2019\u00e9tage&nbsp;:il n\u2019y a plus de dispensaire dans les locaux.<\/p>\n\n\n\n<p>Les diff\u00e9rents comit\u00e9s ont entretenu r\u00e9guli\u00e8rement les deux b\u00e2timents en y apportant r\u00e9guli\u00e8rement des am\u00e9liorations (chauffage central, cr\u00e9ation d\u2019une nouvelle sortie \u00e0 l\u2019\u00e9cole Sainte Th\u00e9r\u00e8se ,peintures\u2026)<\/p>\n","protected":false},"excerpt":{"rendered":"<p>L&#8217;\u00e9cole &nbsp;Notre \u00e9cole est un \u00e9tablissement priv\u00e9 catholique sous contrat d&#8217;association avec l&#8217;\u00e9tat.Cela implique : Un \u00e9veil religieux anim\u00e9 par les enseignants. C&#8217;est un temps de vie et de partage. Les grands moments de l&#8217;ann\u00e9e liturgique&nbsp; jalonnent ce parcours.L&#8217;\u00e9tablissement, tout en gardant son caract\u00e8re propre, donne un enseignement dans le respect total de la libert\u00e9&hellip;&nbsp;<\/p>\n","protected":false},"author":1,"featured_media":0,"parent":0,"menu_order":0,"comment_status":"closed","ping_status":"closed","template":"","meta":{"neve_meta_sidebar":"","neve_meta_container":"","neve_meta_enable_content_width":"on","neve_meta_content_width":100,"neve_meta_title_alignment":"","neve_meta_author_avatar":"","neve_post_elements_order":"","neve_meta_disable_header":"","neve_meta_disable_footer":"","neve_meta_disable_title":"on","_themeisle_gutenberg_block_has_review":false,"footnotes":""},"class_list":["post-9","page","type-page","status-publish","hentry"],"yoast_head":"<!-- This site is optimized with the Yoast SEO plugin v27.2 - https:\/\/yoast.com\/product\/yoast-seo-wordpress\/ -->\n<title>Les \u00e9coles - Ecoles Priv\u00e9es de Viuz-En-Sallaz<\/title>\n<meta name=\"robots\" content=\"index, follow, max-snippet:-1, max-image-preview:large, max-video-preview:-1\" \/>\n<link rel=\"canonical\" href=\"https:\/\/ecoles-privees-viuz.fr\/index.php\/about\/\" \/>\n<meta property=\"og:locale\" content=\"en_US\" \/>\n<meta property=\"og:type\" content=\"article\" \/>\n<meta property=\"og:title\" content=\"Les \u00e9coles - Ecoles Priv\u00e9es de Viuz-En-Sallaz\" \/>\n<meta property=\"og:description\" content=\"L&#8217;\u00e9cole &nbsp;Notre \u00e9cole est un \u00e9tablissement priv\u00e9 catholique sous contrat d&#8217;association avec l&#8217;\u00e9tat.Cela implique : Un \u00e9veil religieux anim\u00e9 par les enseignants. C&#8217;est un temps de vie et de partage. Les grands moments de l&#8217;ann\u00e9e liturgique&nbsp; jalonnent ce parcours.L&#8217;\u00e9tablissement, tout en gardant son caract\u00e8re propre, donne un enseignement dans le respect total de la libert\u00e9&hellip;&nbsp;\" \/>\n<meta property=\"og:url\" content=\"https:\/\/ecoles-privees-viuz.fr\/index.php\/about\/\" \/>\n<meta property=\"og:site_name\" content=\"Ecoles Priv\u00e9es de Viuz-En-Sallaz\" \/>\n<meta property=\"article:modified_time\" content=\"2025-12-29T16:05:26+00:00\" \/>\n<meta name=\"twitter:card\" content=\"summary_large_image\" \/>\n<meta name=\"twitter:label1\" content=\"Est. reading time\" \/>\n\t<meta name=\"twitter:data1\" content=\"3 minutes\" \/>\n<script type=\"application\/ld+json\" class=\"yoast-schema-graph\">{\"@context\":\"https:\/\/schema.org\",\"@graph\":[{\"@type\":\"WebPage\",\"@id\":\"https:\/\/ecoles-privees-viuz.fr\/index.php\/about\/\",\"url\":\"https:\/\/ecoles-privees-viuz.fr\/index.php\/about\/\",\"name\":\"Les \u00e9coles - Ecoles Priv\u00e9es de Viuz-En-Sallaz\",\"isPartOf\":{\"@id\":\"http:\/\/ecoles-privees-viuz.fr\/#website\"},\"datePublished\":\"2025-12-29T10:43:52+00:00\",\"dateModified\":\"2025-12-29T16:05:26+00:00\",\"breadcrumb\":{\"@id\":\"https:\/\/ecoles-privees-viuz.fr\/index.php\/about\/#breadcrumb\"},\"inLanguage\":\"en-US\",\"potentialAction\":[{\"@type\":\"ReadAction\",\"target\":[\"https:\/\/ecoles-privees-viuz.fr\/index.php\/about\/\"]}]},{\"@type\":\"BreadcrumbList\",\"@id\":\"https:\/\/ecoles-privees-viuz.fr\/index.php\/about\/#breadcrumb\",\"itemListElement\":[{\"@type\":\"ListItem\",\"position\":1,\"name\":\"Home\",\"item\":\"http:\/\/ecoles-privees-viuz.fr\/\"},{\"@type\":\"ListItem\",\"position\":2,\"name\":\"Les \u00e9coles\"}]},{\"@type\":\"WebSite\",\"@id\":\"http:\/\/ecoles-privees-viuz.fr\/#website\",\"url\":\"http:\/\/ecoles-privees-viuz.fr\/\",\"name\":\"Ecoles Priv\u00e9es de Viuz-En-Sallaz\",\"description\":\"\",\"publisher\":{\"@id\":\"http:\/\/ecoles-privees-viuz.fr\/#organization\"},\"potentialAction\":[{\"@type\":\"SearchAction\",\"target\":{\"@type\":\"EntryPoint\",\"urlTemplate\":\"http:\/\/ecoles-privees-viuz.fr\/?s={search_term_string}\"},\"query-input\":{\"@type\":\"PropertyValueSpecification\",\"valueRequired\":true,\"valueName\":\"search_term_string\"}}],\"inLanguage\":\"en-US\"},{\"@type\":\"Organization\",\"@id\":\"http:\/\/ecoles-privees-viuz.fr\/#organization\",\"name\":\"Ecoles Priv\u00e9es de Viuz-En-Sallaz\",\"url\":\"http:\/\/ecoles-privees-viuz.fr\/\",\"logo\":{\"@type\":\"ImageObject\",\"inLanguage\":\"en-US\",\"@id\":\"http:\/\/ecoles-privees-viuz.fr\/#\/schema\/logo\/image\/\",\"url\":\"https:\/\/ecoles-privees-viuz.fr\/wp-content\/uploads\/2025\/12\/Ecoles-privees-viuz.png\",\"contentUrl\":\"https:\/\/ecoles-privees-viuz.fr\/wp-content\/uploads\/2025\/12\/Ecoles-privees-viuz.png\",\"width\":356,\"height\":166,\"caption\":\"Ecoles Priv\u00e9es de Viuz-En-Sallaz\"},\"image\":{\"@id\":\"http:\/\/ecoles-privees-viuz.fr\/#\/schema\/logo\/image\/\"}}]}<\/script>\n<!-- \/ Yoast SEO plugin. -->","yoast_head_json":{"title":"Les \u00e9coles - Ecoles Priv\u00e9es de Viuz-En-Sallaz","robots":{"index":"index","follow":"follow","max-snippet":"max-snippet:-1","max-image-preview":"max-image-preview:large","max-video-preview":"max-video-preview:-1"},"canonical":"https:\/\/ecoles-privees-viuz.fr\/index.php\/about\/","og_locale":"en_US","og_type":"article","og_title":"Les \u00e9coles - Ecoles Priv\u00e9es de Viuz-En-Sallaz","og_description":"L&#8217;\u00e9cole &nbsp;Notre \u00e9cole est un \u00e9tablissement priv\u00e9 catholique sous contrat d&#8217;association avec l&#8217;\u00e9tat.Cela implique : Un \u00e9veil religieux anim\u00e9 par les enseignants. C&#8217;est un temps de vie et de partage. Les grands moments de l&#8217;ann\u00e9e liturgique&nbsp; jalonnent ce parcours.L&#8217;\u00e9tablissement, tout en gardant son caract\u00e8re propre, donne un enseignement dans le respect total de la libert\u00e9&hellip;&nbsp;","og_url":"https:\/\/ecoles-privees-viuz.fr\/index.php\/about\/","og_site_name":"Ecoles Priv\u00e9es de Viuz-En-Sallaz","article_modified_time":"2025-12-29T16:05:26+00:00","twitter_card":"summary_large_image","twitter_misc":{"Est. reading time":"3 minutes"},"schema":{"@context":"https:\/\/schema.org","@graph":[{"@type":"WebPage","@id":"https:\/\/ecoles-privees-viuz.fr\/index.php\/about\/","url":"https:\/\/ecoles-privees-viuz.fr\/index.php\/about\/","name":"Les \u00e9coles - Ecoles Priv\u00e9es de Viuz-En-Sallaz","isPartOf":{"@id":"http:\/\/ecoles-privees-viuz.fr\/#website"},"datePublished":"2025-12-29T10:43:52+00:00","dateModified":"2025-12-29T16:05:26+00:00","breadcrumb":{"@id":"https:\/\/ecoles-privees-viuz.fr\/index.php\/about\/#breadcrumb"},"inLanguage":"en-US","potentialAction":[{"@type":"ReadAction","target":["https:\/\/ecoles-privees-viuz.fr\/index.php\/about\/"]}]},{"@type":"BreadcrumbList","@id":"https:\/\/ecoles-privees-viuz.fr\/index.php\/about\/#breadcrumb","itemListElement":[{"@type":"ListItem","position":1,"name":"Home","item":"http:\/\/ecoles-privees-viuz.fr\/"},{"@type":"ListItem","position":2,"name":"Les \u00e9coles"}]},{"@type":"WebSite","@id":"http:\/\/ecoles-privees-viuz.fr\/#website","url":"http:\/\/ecoles-privees-viuz.fr\/","name":"Ecoles Priv\u00e9es de Viuz-En-Sallaz","description":"","publisher":{"@id":"http:\/\/ecoles-privees-viuz.fr\/#organization"},"potentialAction":[{"@type":"SearchAction","target":{"@type":"EntryPoint","urlTemplate":"http:\/\/ecoles-privees-viuz.fr\/?s={search_term_string}"},"query-input":{"@type":"PropertyValueSpecification","valueRequired":true,"valueName":"search_term_string"}}],"inLanguage":"en-US"},{"@type":"Organization","@id":"http:\/\/ecoles-privees-viuz.fr\/#organization","name":"Ecoles Priv\u00e9es de Viuz-En-Sallaz","url":"http:\/\/ecoles-privees-viuz.fr\/","logo":{"@type":"ImageObject","inLanguage":"en-US","@id":"http:\/\/ecoles-privees-viuz.fr\/#\/schema\/logo\/image\/","url":"https:\/\/ecoles-privees-viuz.fr\/wp-content\/uploads\/2025\/12\/Ecoles-privees-viuz.png","contentUrl":"https:\/\/ecoles-privees-viuz.fr\/wp-content\/uploads\/2025\/12\/Ecoles-privees-viuz.png","width":356,"height":166,"caption":"Ecoles Priv\u00e9es de Viuz-En-Sallaz"},"image":{"@id":"http:\/\/ecoles-privees-viuz.fr\/#\/schema\/logo\/image\/"}}]}},"_links":{"self":[{"href":"https:\/\/ecoles-privees-viuz.fr\/index.php\/wp-json\/wp\/v2\/pages\/9","targetHints":{"allow":["GET"]}}],"collection":[{"href":"https:\/\/ecoles-privees-viuz.fr\/index.php\/wp-json\/wp\/v2\/pages"}],"about":[{"href":"https:\/\/ecoles-privees-viuz.fr\/index.php\/wp-json\/wp\/v2\/types\/page"}],"author":[{"embeddable":true,"href":"https:\/\/ecoles-privees-viuz.fr\/index.php\/wp-json\/wp\/v2\/users\/1"}],"replies":[{"embeddable":true,"href":"https:\/\/ecoles-privees-viuz.fr\/index.php\/wp-json\/wp\/v2\/comments?post=9"}],"version-history":[{"count":7,"href":"https:\/\/ecoles-privees-viuz.fr\/index.php\/wp-json\/wp\/v2\/pages\/9\/revisions"}],"predecessor-version":[{"id":133,"href":"https:\/\/ecoles-privees-viuz.fr\/index.php\/wp-json\/wp\/v2\/pages\/9\/revisions\/133"}],"wp:attachment":[{"href":"https:\/\/ecoles-privees-viuz.fr\/index.php\/wp-json\/wp\/v2\/media?parent=9"}],"curies":[{"name":"wp","href":"https:\/\/api.w.org\/{rel}","templated":true}]}}