{"id":12,"date":"2025-12-29T10:43:52","date_gmt":"2025-12-29T10:43:52","guid":{"rendered":"https:\/\/ecoles-privees-viuz.fr\/?page_id=12"},"modified":"2026-03-30T12:56:05","modified_gmt":"2026-03-30T12:56:05","slug":"project-details","status":"publish","type":"page","link":"https:\/\/ecoles-privees-viuz.fr\/index.php\/project-details\/","title":{"rendered":"APEL-OGEC"},"content":{"rendered":"\n<div class=\"wp-block-cover alignfull\" style=\"min-height:600px;aspect-ratio:unset;\"><span aria-hidden=\"true\" class=\"wp-block-cover__background has-nv-site-bg-background-color has-background-dim-100 has-background-dim\"><\/span><div class=\"wp-block-cover__inner-container is-layout-flow wp-block-cover-is-layout-flow\">\n<div class=\"wp-block-group\"><div class=\"wp-block-group__inner-container is-layout-flow wp-block-group-is-layout-flow\">\n<div style=\"height:80px\" aria-hidden=\"true\" class=\"wp-block-spacer\"><\/div>\n\n\n\n<div style=\"height:20px\" aria-hidden=\"true\" class=\"wp-block-spacer\"><\/div>\n\n\n\n<div class=\"wp-block-columns are-vertically-aligned-top is-layout-flex wp-container-core-columns-is-layout-9d6595d7 wp-block-columns-is-layout-flex\">\n<div class=\"wp-block-column is-vertically-aligned-top is-layout-flow wp-block-column-is-layout-flow\" style=\"padding-right:var(--wp--preset--spacing--30);padding-left:var(--wp--preset--spacing--30);flex-basis:50%\">\n<figure class=\"wp-block-image size-full has-custom-border\"><img loading=\"lazy\" decoding=\"async\" width=\"191\" height=\"191\" src=\"http:\/\/ecoles-privees-viuz.fr\/wp-content\/uploads\/2026\/03\/Logo_EcolesPriveesViuz-47a45452.png\" alt=\"Ecoles Priv\u00e9es Ste Th\u00e9r\u00e8se &amp; St Joseph\" class=\"wp-image-162\" style=\"border-radius:24px\" srcset=\"https:\/\/ecoles-privees-viuz.fr\/wp-content\/uploads\/2026\/03\/Logo_EcolesPriveesViuz-47a45452.png 191w, https:\/\/ecoles-privees-viuz.fr\/wp-content\/uploads\/2026\/03\/Logo_EcolesPriveesViuz-47a45452-150x150.png 150w\" sizes=\"auto, (max-width: 191px) 100vw, 191px\" \/><figcaption class=\"wp-element-caption\">Ecoles Privees Ste Therese &#038; St Joseph<\/figcaption><\/figure>\n\n\n\n<div style=\"height:24px\" aria-hidden=\"true\" class=\"wp-block-spacer\"><\/div>\n\n\n\n<h3 class=\"wp-block-heading has-text-align-left has-text-align-center has-neve-text-color-color has-text-color\">APEL<\/h3>\n\n\n\n<p class=\"has-text-align-left has-text-align-center has-neve-text-color-color has-text-color\">L&#8217;Association des Parents d&#8217;El\u00e8ves de l&#8217;enseignement libre.<\/p>\n\n\n\n<p class=\"has-text-align-left has-text-align-center has-neve-text-color-color has-text-color\">L&#8217;APEL participe \u00e0 l&#8217;\u00e9ducation \u00e9ducative, plus particuli\u00e8rement \u00e0 la promotion des activit\u00e9s culturelles et sportives<\/p>\n\n\n\n<div style=\"height:40px\" aria-hidden=\"true\" class=\"wp-block-spacer\"><\/div>\n<\/div>\n\n\n\n<div class=\"wp-block-column is-vertically-aligned-top is-layout-flow wp-block-column-is-layout-flow\" style=\"padding-right:var(--wp--preset--spacing--30);padding-left:var(--wp--preset--spacing--30);flex-basis:50%\">\n<figure class=\"wp-block-image size-full has-custom-border\"><img loading=\"lazy\" decoding=\"async\" width=\"359\" height=\"140\" src=\"https:\/\/ecoles-privees-viuz.fr\/wp-content\/uploads\/2025\/12\/OGEC.jpeg\" alt=\"\" class=\"wp-image-85\" style=\"border-radius:24px\" srcset=\"https:\/\/ecoles-privees-viuz.fr\/wp-content\/uploads\/2025\/12\/OGEC.jpeg 359w, https:\/\/ecoles-privees-viuz.fr\/wp-content\/uploads\/2025\/12\/OGEC-300x117.jpeg 300w\" sizes=\"auto, (max-width: 359px) 100vw, 359px\" \/><\/figure>\n\n\n\n<div style=\"height:24px\" aria-hidden=\"true\" class=\"wp-block-spacer\"><\/div>\n\n\n\n<h3 class=\"wp-block-heading has-text-align-left has-text-align-center has-neve-text-color-color has-text-color\">OGEC<\/h3>\n\n\n\n<p class=\"has-text-align-left has-text-align-center has-neve-text-color-color has-text-color\">l&#8217;Organisme de Gestion des Ecoles Catholiques est en charge d&#8217;administrer les \u00e9coles.<\/p>\n\n\n\n<p class=\"has-text-align-left has-text-align-center has-neve-text-color-color has-text-color\">L&#8217;OGEC a la responsabilit\u00e9 financi\u00e8re et gestionnaire de l&#8217;\u00e9cole ( assurances, entretien des locaux&#8230;)<\/p>\n\n\n\n<div style=\"height:40px\" aria-hidden=\"true\" class=\"wp-block-spacer\"><\/div>\n<\/div>\n\n\n\n<div class=\"wp-block-column is-vertically-aligned-top is-layout-flow wp-block-column-is-layout-flow\" style=\"padding-right:var(--wp--preset--spacing--30);padding-left:var(--wp--preset--spacing--30);flex-basis:50%\">\n<figure class=\"wp-block-image size-full has-custom-border\"><img loading=\"lazy\" decoding=\"async\" width=\"1024\" height=\"1024\" src=\"https:\/\/ecoles-privees-viuz.fr\/wp-content\/uploads\/2025\/12\/EnseignementCatholique.png\" alt=\"\" class=\"wp-image-87\" style=\"border-radius:24px\" srcset=\"https:\/\/ecoles-privees-viuz.fr\/wp-content\/uploads\/2025\/12\/EnseignementCatholique.png 1024w, https:\/\/ecoles-privees-viuz.fr\/wp-content\/uploads\/2025\/12\/EnseignementCatholique-300x300.png 300w, https:\/\/ecoles-privees-viuz.fr\/wp-content\/uploads\/2025\/12\/EnseignementCatholique-150x150.png 150w, https:\/\/ecoles-privees-viuz.fr\/wp-content\/uploads\/2025\/12\/EnseignementCatholique-768x768.png 768w\" sizes=\"auto, (max-width: 1024px) 100vw, 1024px\" \/><\/figure>\n\n\n\n<div style=\"height:24px\" aria-hidden=\"true\" class=\"wp-block-spacer\"><\/div>\n\n\n\n<h3 class=\"wp-block-heading has-text-align-left has-text-align-center has-neve-text-color-color has-text-color\">Conseil d&#8217;\u00e9tablissement<\/h3>\n\n\n\n<p class=\"has-text-align-left has-text-align-center has-neve-text-color-color has-text-color\">C&#8217;est un outil de pilotage pour le chef d&#8217;\u00e9tablissement.<\/p>\n\n\n\n<p class=\"has-text-align-left has-text-align-center has-neve-text-color-color has-text-color\">Il donne son avis sur les grandes orientations de l&#8217;\u00e9cole.<\/p>\n\n\n\n<p class=\"has-text-align-left has-text-align-center has-neve-text-color-color has-text-color\">C&#8217;est un lieu de r\u00e9flexion et d&#8217;\u00e9change des diff\u00e9rents partenaires de la communaut\u00e9 \u00e9ducative.<\/p>\n\n\n\n<p class=\"has-text-align-left has-text-align-center has-neve-text-color-color has-text-color\">Il est compos\u00e9 :<\/p>\n\n\n\n<ul class=\"wp-block-list\">\n<li class=\"has-text-align-center has-neve-text-color-color has-text-color\">Des pr\u00e9sidents O.G.E.C et A.P.E.L<\/li>\n\n\n\n<li class=\"has-text-align-center has-neve-text-color-color has-text-color\">Des parents d\u00e9l\u00e9gu\u00e9s de classe<\/li>\n\n\n\n<li class=\"has-text-align-center has-neve-text-color-color has-text-color\">Des enseignantes et l\u2019aide maternelle<\/li>\n\n\n\n<li class=\"has-text-align-center has-neve-text-color-color has-text-color\">Des \u00e9l\u00e8ves d\u00e9l\u00e9gu\u00e9s de CM1-CM2<\/li>\n<\/ul>\n\n\n\n<p class=\"has-text-align-left has-text-align-center has-neve-text-color-color has-text-color\">Il est pr\u00e9sid\u00e9 par le chef d&#8217;\u00e9tablissement et se r\u00e9unit 2 fois par an.<\/p>\n\n\n\n<div style=\"height:40px\" aria-hidden=\"true\" class=\"wp-block-spacer\"><\/div>\n<\/div>\n<\/div>\n\n\n\n<div style=\"height:40px\" aria-hidden=\"true\" class=\"wp-block-spacer\"><\/div>\n<\/div><\/div>\n<\/div><\/div>\n","protected":false},"excerpt":{"rendered":"","protected":false},"author":1,"featured_media":0,"parent":0,"menu_order":0,"comment_status":"closed","ping_status":"closed","template":"","meta":{"neve_meta_sidebar":"","neve_meta_container":"","neve_meta_enable_content_width":"on","neve_meta_content_width":100,"neve_meta_title_alignment":"","neve_meta_author_avatar":"","neve_post_elements_order":"","neve_meta_disable_header":"","neve_meta_disable_footer":"","neve_meta_disable_title":"on","_themeisle_gutenberg_block_has_review":false,"footnotes":""},"class_list":["post-12","page","type-page","status-publish","hentry"],"yoast_head":"<!-- This site is optimized with the Yoast SEO plugin v27.2 - https:\/\/yoast.com\/product\/yoast-seo-wordpress\/ -->\n<title>APEL-OGEC - Ecoles Priv\u00e9es de Viuz-En-Sallaz<\/title>\n<meta name=\"robots\" content=\"index, follow, max-snippet:-1, max-image-preview:large, max-video-preview:-1\" \/>\n<link rel=\"canonical\" href=\"https:\/\/ecoles-privees-viuz.fr\/index.php\/project-details\/\" \/>\n<meta property=\"og:locale\" content=\"en_US\" \/>\n<meta property=\"og:type\" content=\"article\" \/>\n<meta property=\"og:title\" content=\"APEL-OGEC - Ecoles Priv\u00e9es de Viuz-En-Sallaz\" \/>\n<meta property=\"og:url\" content=\"https:\/\/ecoles-privees-viuz.fr\/index.php\/project-details\/\" \/>\n<meta property=\"og:site_name\" content=\"Ecoles Priv\u00e9es de Viuz-En-Sallaz\" \/>\n<meta property=\"article:modified_time\" content=\"2026-03-30T12:56:05+00:00\" \/>\n<meta property=\"og:image\" content=\"http:\/\/ecoles-privees-viuz.fr\/wp-content\/uploads\/2026\/03\/Logo_EcolesPriveesViuz-47a45452.png\" \/>\n<meta name=\"twitter:card\" content=\"summary_large_image\" \/>\n<meta name=\"twitter:label1\" content=\"Est. reading time\" \/>\n\t<meta name=\"twitter:data1\" content=\"2 minutes\" \/>\n<script type=\"application\/ld+json\" class=\"yoast-schema-graph\">{\"@context\":\"https:\/\/schema.org\",\"@graph\":[{\"@type\":\"WebPage\",\"@id\":\"https:\/\/ecoles-privees-viuz.fr\/index.php\/project-details\/\",\"url\":\"https:\/\/ecoles-privees-viuz.fr\/index.php\/project-details\/\",\"name\":\"APEL-OGEC - Ecoles Priv\u00e9es de Viuz-En-Sallaz\",\"isPartOf\":{\"@id\":\"http:\/\/ecoles-privees-viuz.fr\/#website\"},\"primaryImageOfPage\":{\"@id\":\"https:\/\/ecoles-privees-viuz.fr\/index.php\/project-details\/#primaryimage\"},\"image\":{\"@id\":\"https:\/\/ecoles-privees-viuz.fr\/index.php\/project-details\/#primaryimage\"},\"thumbnailUrl\":\"http:\/\/ecoles-privees-viuz.fr\/wp-content\/uploads\/2026\/03\/Logo_EcolesPriveesViuz-47a45452.png\",\"datePublished\":\"2025-12-29T10:43:52+00:00\",\"dateModified\":\"2026-03-30T12:56:05+00:00\",\"breadcrumb\":{\"@id\":\"https:\/\/ecoles-privees-viuz.fr\/index.php\/project-details\/#breadcrumb\"},\"inLanguage\":\"en-US\",\"potentialAction\":[{\"@type\":\"ReadAction\",\"target\":[\"https:\/\/ecoles-privees-viuz.fr\/index.php\/project-details\/\"]}]},{\"@type\":\"ImageObject\",\"inLanguage\":\"en-US\",\"@id\":\"https:\/\/ecoles-privees-viuz.fr\/index.php\/project-details\/#primaryimage\",\"url\":\"https:\/\/ecoles-privees-viuz.fr\/wp-content\/uploads\/2026\/03\/Logo_EcolesPriveesViuz-47a45452.png\",\"contentUrl\":\"https:\/\/ecoles-privees-viuz.fr\/wp-content\/uploads\/2026\/03\/Logo_EcolesPriveesViuz-47a45452.png\",\"width\":191,\"height\":191,\"caption\":\"Ecoles Privees Ste Therese & St Joseph\"},{\"@type\":\"BreadcrumbList\",\"@id\":\"https:\/\/ecoles-privees-viuz.fr\/index.php\/project-details\/#breadcrumb\",\"itemListElement\":[{\"@type\":\"ListItem\",\"position\":1,\"name\":\"Home\",\"item\":\"http:\/\/ecoles-privees-viuz.fr\/\"},{\"@type\":\"ListItem\",\"position\":2,\"name\":\"APEL-OGEC\"}]},{\"@type\":\"WebSite\",\"@id\":\"http:\/\/ecoles-privees-viuz.fr\/#website\",\"url\":\"http:\/\/ecoles-privees-viuz.fr\/\",\"name\":\"Ecoles Priv\u00e9es de Viuz-En-Sallaz\",\"description\":\"\",\"publisher\":{\"@id\":\"http:\/\/ecoles-privees-viuz.fr\/#organization\"},\"potentialAction\":[{\"@type\":\"SearchAction\",\"target\":{\"@type\":\"EntryPoint\",\"urlTemplate\":\"http:\/\/ecoles-privees-viuz.fr\/?s={search_term_string}\"},\"query-input\":{\"@type\":\"PropertyValueSpecification\",\"valueRequired\":true,\"valueName\":\"search_term_string\"}}],\"inLanguage\":\"en-US\"},{\"@type\":\"Organization\",\"@id\":\"http:\/\/ecoles-privees-viuz.fr\/#organization\",\"name\":\"Ecoles Priv\u00e9es de Viuz-En-Sallaz\",\"url\":\"http:\/\/ecoles-privees-viuz.fr\/\",\"logo\":{\"@type\":\"ImageObject\",\"inLanguage\":\"en-US\",\"@id\":\"http:\/\/ecoles-privees-viuz.fr\/#\/schema\/logo\/image\/\",\"url\":\"https:\/\/ecoles-privees-viuz.fr\/wp-content\/uploads\/2025\/12\/Ecoles-privees-viuz.png\",\"contentUrl\":\"https:\/\/ecoles-privees-viuz.fr\/wp-content\/uploads\/2025\/12\/Ecoles-privees-viuz.png\",\"width\":356,\"height\":166,\"caption\":\"Ecoles Priv\u00e9es de Viuz-En-Sallaz\"},\"image\":{\"@id\":\"http:\/\/ecoles-privees-viuz.fr\/#\/schema\/logo\/image\/\"}}]}<\/script>\n<!-- \/ Yoast SEO plugin. -->","yoast_head_json":{"title":"APEL-OGEC - Ecoles Priv\u00e9es de Viuz-En-Sallaz","robots":{"index":"index","follow":"follow","max-snippet":"max-snippet:-1","max-image-preview":"max-image-preview:large","max-video-preview":"max-video-preview:-1"},"canonical":"https:\/\/ecoles-privees-viuz.fr\/index.php\/project-details\/","og_locale":"en_US","og_type":"article","og_title":"APEL-OGEC - Ecoles Priv\u00e9es de Viuz-En-Sallaz","og_url":"https:\/\/ecoles-privees-viuz.fr\/index.php\/project-details\/","og_site_name":"Ecoles Priv\u00e9es de Viuz-En-Sallaz","article_modified_time":"2026-03-30T12:56:05+00:00","og_image":[{"url":"http:\/\/ecoles-privees-viuz.fr\/wp-content\/uploads\/2026\/03\/Logo_EcolesPriveesViuz-47a45452.png","type":"","width":"","height":""}],"twitter_card":"summary_large_image","twitter_misc":{"Est. reading time":"2 minutes"},"schema":{"@context":"https:\/\/schema.org","@graph":[{"@type":"WebPage","@id":"https:\/\/ecoles-privees-viuz.fr\/index.php\/project-details\/","url":"https:\/\/ecoles-privees-viuz.fr\/index.php\/project-details\/","name":"APEL-OGEC - Ecoles Priv\u00e9es de Viuz-En-Sallaz","isPartOf":{"@id":"http:\/\/ecoles-privees-viuz.fr\/#website"},"primaryImageOfPage":{"@id":"https:\/\/ecoles-privees-viuz.fr\/index.php\/project-details\/#primaryimage"},"image":{"@id":"https:\/\/ecoles-privees-viuz.fr\/index.php\/project-details\/#primaryimage"},"thumbnailUrl":"http:\/\/ecoles-privees-viuz.fr\/wp-content\/uploads\/2026\/03\/Logo_EcolesPriveesViuz-47a45452.png","datePublished":"2025-12-29T10:43:52+00:00","dateModified":"2026-03-30T12:56:05+00:00","breadcrumb":{"@id":"https:\/\/ecoles-privees-viuz.fr\/index.php\/project-details\/#breadcrumb"},"inLanguage":"en-US","potentialAction":[{"@type":"ReadAction","target":["https:\/\/ecoles-privees-viuz.fr\/index.php\/project-details\/"]}]},{"@type":"ImageObject","inLanguage":"en-US","@id":"https:\/\/ecoles-privees-viuz.fr\/index.php\/project-details\/#primaryimage","url":"https:\/\/ecoles-privees-viuz.fr\/wp-content\/uploads\/2026\/03\/Logo_EcolesPriveesViuz-47a45452.png","contentUrl":"https:\/\/ecoles-privees-viuz.fr\/wp-content\/uploads\/2026\/03\/Logo_EcolesPriveesViuz-47a45452.png","width":191,"height":191,"caption":"Ecoles Privees Ste Therese & St Joseph"},{"@type":"BreadcrumbList","@id":"https:\/\/ecoles-privees-viuz.fr\/index.php\/project-details\/#breadcrumb","itemListElement":[{"@type":"ListItem","position":1,"name":"Home","item":"http:\/\/ecoles-privees-viuz.fr\/"},{"@type":"ListItem","position":2,"name":"APEL-OGEC"}]},{"@type":"WebSite","@id":"http:\/\/ecoles-privees-viuz.fr\/#website","url":"http:\/\/ecoles-privees-viuz.fr\/","name":"Ecoles Priv\u00e9es de Viuz-En-Sallaz","description":"","publisher":{"@id":"http:\/\/ecoles-privees-viuz.fr\/#organization"},"potentialAction":[{"@type":"SearchAction","target":{"@type":"EntryPoint","urlTemplate":"http:\/\/ecoles-privees-viuz.fr\/?s={search_term_string}"},"query-input":{"@type":"PropertyValueSpecification","valueRequired":true,"valueName":"search_term_string"}}],"inLanguage":"en-US"},{"@type":"Organization","@id":"http:\/\/ecoles-privees-viuz.fr\/#organization","name":"Ecoles Priv\u00e9es de Viuz-En-Sallaz","url":"http:\/\/ecoles-privees-viuz.fr\/","logo":{"@type":"ImageObject","inLanguage":"en-US","@id":"http:\/\/ecoles-privees-viuz.fr\/#\/schema\/logo\/image\/","url":"https:\/\/ecoles-privees-viuz.fr\/wp-content\/uploads\/2025\/12\/Ecoles-privees-viuz.png","contentUrl":"https:\/\/ecoles-privees-viuz.fr\/wp-content\/uploads\/2025\/12\/Ecoles-privees-viuz.png","width":356,"height":166,"caption":"Ecoles Priv\u00e9es de Viuz-En-Sallaz"},"image":{"@id":"http:\/\/ecoles-privees-viuz.fr\/#\/schema\/logo\/image\/"}}]}},"_links":{"self":[{"href":"https:\/\/ecoles-privees-viuz.fr\/index.php\/wp-json\/wp\/v2\/pages\/12","targetHints":{"allow":["GET"]}}],"collection":[{"href":"https:\/\/ecoles-privees-viuz.fr\/index.php\/wp-json\/wp\/v2\/pages"}],"about":[{"href":"https:\/\/ecoles-privees-viuz.fr\/index.php\/wp-json\/wp\/v2\/types\/page"}],"author":[{"embeddable":true,"href":"https:\/\/ecoles-privees-viuz.fr\/index.php\/wp-json\/wp\/v2\/users\/1"}],"replies":[{"embeddable":true,"href":"https:\/\/ecoles-privees-viuz.fr\/index.php\/wp-json\/wp\/v2\/comments?post=12"}],"version-history":[{"count":7,"href":"https:\/\/ecoles-privees-viuz.fr\/index.php\/wp-json\/wp\/v2\/pages\/12\/revisions"}],"predecessor-version":[{"id":169,"href":"https:\/\/ecoles-privees-viuz.fr\/index.php\/wp-json\/wp\/v2\/pages\/12\/revisions\/169"}],"wp:attachment":[{"href":"https:\/\/ecoles-privees-viuz.fr\/index.php\/wp-json\/wp\/v2\/media?parent=12"}],"curies":[{"name":"wp","href":"https:\/\/api.w.org\/{rel}","templated":true}]}}